{"id":162,"date":"2020-01-27T09:11:09","date_gmt":"2020-01-27T09:11:09","guid":{"rendered":"https:\/\/www.uvasfrescas.com\/?page_id=162"},"modified":"2021-03-16T23:16:46","modified_gmt":"2021-03-16T22:16:46","slug":"cookie-policy","status":"publish","type":"page","link":"https:\/\/www.uvasfrescas.com\/en\/politica-de-cookies\/","title":{"rendered":"Cookie policy"},"content":{"rendered":"<h2 class=\"wp-block-heading\">1. Informaci\u00f3n sobre cookies<\/h2>\n\n\n\n<p>Debido a la entrada en vigor de la referente modificaci\u00f3n de la \u201cLey de Servicios de la Sociedad de la Informaci\u00f3n\u201d (LSSICE) establecida por el Real Decreto 13\/2012, es de obligaci\u00f3n obtener el consentimiento expreso del usuario de todas las p\u00e1ginas web que usan cookies prescindibles, antes de que \u00e9ste navegue por ellas.<\/p>\n\n\n\n<h2 class=\"wp-block-heading\">2. \u00bfQu\u00e9 son las cookies?<\/h2>\n\n\n\n<p>Las cookies y otras tecnolog\u00edas similares tales como local shared objects, flash cookies o p\u00edxeles, son herramientas empleadas por los servidores Web para almacenar y recuperar informaci\u00f3n acerca de sus visitantes, as\u00ed como para ofrecer un correcto funcionamiento del sitio.<\/p>\n\n\n\n<p>Mediante el uso de estos dispositivos se permite al servidor Web recordar algunos datos concernientes al usuario, como sus preferencias para la visualizaci\u00f3n de las p\u00e1ginas de ese servidor, nombre y contrase\u00f1a, productos que m\u00e1s le interesan, etc.<\/p>\n\n\n\n<h2 class=\"wp-block-heading\">3. Cookies afectadas por la normativa y cookies exceptuadas<\/h2>\n\n\n\n<p>Seg\u00fan la directiva de la UE, las cookies que requieren el consentimiento informado por parte del usuario son las cookies de anal\u00edtica y las de publicidad y afiliaci\u00f3n, quedando exceptuadas las de car\u00e1cter t\u00e9cnico y las necesarias para el funcionamiento del sitio web o la prestaci\u00f3n de servicios expresamente solicitados por el usuario.<\/p>\n\n\n\n<h2 class=\"wp-block-heading\">4. \u00bfQu\u00e9 tipo de cookies existen?<\/h2>\n\n\n\n<p>Sobre los tipos de cookies, existen cinco grandes grupos:<\/p>\n\n\n\n<ul class=\"wp-block-list\"><li>Cookies anal\u00edticas: recogen informaci\u00f3n del uso que se realiza del sitio web.<\/li><li>Cookies sociales: son aquellas necesarias para redes sociales externas.<\/li><li>Cookies de afiliados: permiten hacer un seguimiento de las visitas procedentes de otras webs, con las que el sitio web establece un contrato de afiliaci\u00f3n (empresas de afiliaci\u00f3n).<\/li><li>Cookies de publicidad y comportamentales: recogen informaci\u00f3n sobre las preferencias y elecciones personales del usuario (retargeting).<\/li><li>Cookies t\u00e9cnicas y funcionales: son las estrictamente necesarias para el uso del sitio web y para la prestaci\u00f3n del servicio contratado.<\/li><\/ul>\n\n\n\n<h2 class=\"wp-block-heading\">5. Cookies que se utilizan en este sitio web<\/h2>\n\n\n\n<ul class=\"wp-block-list\"><li>PHPSESSID: cookie t\u00e9cnica y estrictamente necesaria que contiene el identificador de la sesi\u00f3n. Se elimina al cerrar el navegador.<\/li><li>_lang: cookie t\u00e9cnica y estrictamente necesaria que contiene el idioma de la sesi\u00f3n. Se elimina al cerrar el navegador.<\/li><li>ac_cookies: cookie t\u00e9cnica y estrictamente necesaria que contiene el valor de si se ha aceptado la instalaci\u00f3n de cookies. Caduca en 1 a\u00f1o desde la \u00faltima actualizaci\u00f3n.<\/li><li>_ga: cookie de Google Analytics que habilita la funci\u00f3n de control de visitas \u00fanicas. La primera vez que un usuario entre en el sitio web a trav\u00e9s de un navegador se instalar\u00e1 esta cookie. Cuando este usuario vuelva a entrar en la web con el mismo navegador, la cookie considerar\u00e1 que es el mismo usuario. Solo en el caso de que el usuario cambie de navegador, se&nbsp; considerar\u00e1 otro usuario. Caduca a los 2 a\u00f1os desde la \u00faltima actualizaci\u00f3n.<\/li><li>_gat: Esta cookie se asocia con Google Analytics. Se utiliza para limitar la velocidad de petici\u00f3n &#8211; la limitaci\u00f3n de la recogida de datos en los sitios de alto tr\u00e1fico. Caduca a los 10 minutos.<\/li><li>_gid: Esta cookie se asocia con Google Analytics. Se utiliza para distinguir a los usuarios. Caduca a las 24 horas.<\/li><\/ul>\n\n\n\n<h2 class=\"wp-block-heading\">6. Tratamiento de datos personales<\/h2>\n\n\n\n<p>LAURA MUGA FERNANDEZ es el Responsable del tratamiento de los datos personales del Interesado y le informa que estos datos ser\u00e1n tratados de conformidad con lo dispuesto en el Reglamento (UE) 2016\/679 de 27 de abril de 2016 (GDPR), por lo que se le facilita la siguiente informaci\u00f3n del tratamiento:<\/p>\n\n\n\n<p><strong>Fines del tratamiento<\/strong>: seg\u00fan se especifica en el apartado de cookies que se utilizan en este sitio web.<\/p>\n\n\n\n<p><strong>Legitimaci\u00f3n del tratamiento<\/strong>: por inter\u00e9s leg\u00edtimo del responsable: cookies t\u00e9cnicas y por consentimiento del interesado: cookies anal\u00edticas.<\/p>\n\n\n\n<p><strong>Criterios de conservaci\u00f3n de los datos<\/strong>: seg\u00fan se especifica en el apartado de cookies utilizadas en la web.<\/p>\n\n\n\n<p><strong>Comunicaci\u00f3n de los datos<\/strong>: no se comunicar\u00e1n los datos a terceros, excepto en cookies propiedad de terceros o por obligaci\u00f3n legal.<\/p>\n\n\n\n<p><strong>Derechos que asisten al Interesado<\/strong>:<br>&#8211; Derecho a retirar el consentimiento en cualquier momento.<br>&#8211; Derecho de acceso, rectificaci\u00f3n, portabilidad y supresi\u00f3n de sus datos y a la limitaci\u00f3n u oposici\u00f3n a su tratamiento.<br>&#8211; Derecho a presentar una reclamaci\u00f3n ante la Autoridad de control (www.aepd.es) si considera que el tratamiento no se ajusta a la normativa vigente.<\/p>\n\n\n\n<p><strong>Datos de contacto para ejercer sus derechos<\/strong>:<br>LAURA MUGA FERNANDEZ. SEVERO OCHOA, 18 &#8211; 26200 HARO (La Rioja). Email: info@uvasfrescas.com<\/p>\n\n\n\n<h2 class=\"wp-block-heading\">7. C\u00f3mo eliminar las cookies del navegador<\/h2>\n\n\n\n<p><strong>Chrome<\/strong><\/p>\n\n\n\n<p>1. Selecciona el icono de Herramientas<br>2. Haz clic en Configuraci\u00f3n.<br>3. Haz clic en Mostrar Opciones Avanzadas.<br>4. En la secci\u00f3n &#8220;Privacidad&#8221; haz clic en Configuraci\u00f3n de contenido.<br>&#8211; Eliminar cookies: Haz clic en Todas las cookies y los datos de sitios\u2026<br>&#8211; No permitir que se almacenen cookies.<br>5. Haz clic en Eliminar datos de navegaci\u00f3n (vaciar la Cach\u00e9).<br>6. Cierra y reinicia el navegador.<\/p>\n\n\n\n<p>Para m\u00e1s informaci\u00f3n sobre Chrome pulse aqu\u00ed: <a href=\"http:\/\/support.google.com\/chrome\/answer\/95647?hl=es\" target=\"_blank\" rel=\"noopener noreferrer\">http:\/\/support.google.com\/chrome\/answer\/95647?hl=es<\/a><\/p>\n\n\n\n<p><strong>Internet Explorer. Versi\u00f3n 11<\/strong><\/p>\n\n\n\n<p>1. Selecciona Herramientas | Opciones de Internet.<br>2. Haz clic en la ficha General.<br>3. En la secci\u00f3n &#8220;Historial de exploraci\u00f3n&#8221;, haz clic en Eliminar el historial de exploraci\u00f3n al salir.<br>4. Seleccionar Eliminar archivos.<br>5. Seleccionar Eliminar cookies.<br>6. Haz clic en Eliminar.<br>7. Haz clic en Aceptar.<br>8. Cierra y reinicia el navegador.<\/p>\n\n\n\n<p>Para m\u00e1s informaci\u00f3n sobre Internet Explorer pulse aqu\u00ed:<br><a href=\"https:\/\/support.microsoft.com\/es-es\/help\/278835\/how-to-delete-cookie-files-in-internet-explorer\" target=\"_blank\" rel=\"noopener noreferrer\">https:\/\/support.microsoft.com\/es-es\/help\/278835\/how-to-delete-cookie-files-in-internet-explorer<\/a><\/p>\n\n\n\n<p><strong>Firefox. Versi\u00f3n 65.0.1<\/strong><\/p>\n\n\n\n<p>1. Selecciona Firefox | Historial | Limpiar el historial reciente.<br>2. Al lado de &#8220;Detalles&#8221;, haz clic en la flecha hacia abajo.<br>3. Selecciona las siguientes casillas de verificaci\u00f3n: Cookies, Cach\u00e9, Inicios de sesi\u00f3n activos<br>4. Usando el &#8220;Intervalo de tiempo para borrar&#8221; en el men\u00fa desplegable, selecciona Todo.<br>5. Haz clic en Borrar ahora.<br>6. Cierra y reinicia el navegador.<\/p>\n\n\n\n<p>Puede aceptar o rechazar las cookies individualmente en las Preferencias de Firefox, en la secci\u00f3n Historial disponible en<br>Herramientas &gt; Opciones &gt; Privacidad.<\/p>\n\n\n\n<p>Para m\u00e1s informaci\u00f3n sobre Mozilla Firefox pulse aqu\u00ed: <a href=\"https:\/\/www.mozilla.org\/es-ES\/privacy\/websites\/#cookies\" target=\"_blank\" rel=\"noopener noreferrer\">https:\/\/www.mozilla.org\/es-ES\/privacy\/websites\/#cookies<\/a><\/p>\n\n\n\n<p><strong>Safari Versi\u00f3n 5.1<\/strong><\/p>\n\n\n\n<p>1. Selecciona el icono de Safari \/ Editar | Restaurar Safari.<br>2. Selecciona las siguientes casillas de verificaci\u00f3n: Borrar el historial, Eliminar todos los datos de sitio web<br>3. Haz clic en Restablecer.<br>4. Cierra y reinicia el navegador.<\/p>\n\n\n\n<p>Para m\u00e1s informaci\u00f3n sobre Safari pulse aqu\u00ed: <a href=\"https:\/\/support.apple.com\/es-es\/guide\/safari\/sfri11471\/mac\" target=\"_blank\" rel=\"noopener noreferrer\">https:\/\/support.apple.com\/es-es\/guide\/safari\/sfri11471\/mac<\/a><\/p>\n\n\n\n<p><strong>Opera<\/strong><\/p>\n\n\n\n<p>Opciones &#8211; Avanzado &#8211; Cookies.<br>Las opciones de cookies controlan el modo en que Opera los maneja y por lo tanto su aceptaci\u00f3n o rechazo.<\/p>\n\n\n\n<p>Para m\u00e1s informaci\u00f3n sobre Opera pulse aqu\u00ed: <a href=\"https:\/\/help.opera.com\/en\/latest\/security-and-privacy\/#clearBrowsingData\" target=\"_blank\" rel=\"noopener noreferrer\">https:\/\/help.opera.com\/en\/latest\/security-and-privacy\/#clearBrowsingData<\/a><\/p>\n\n\n\n<p><strong>Otros navegadores<\/strong><\/p>\n\n\n\n<p>Consulte la documentaci\u00f3n del navegador que tenga instalado.<\/p>","protected":false},"excerpt":{"rendered":"<p>1. Informaci\u00f3n sobre cookies Debido a la entrada en vigor de la referente modificaci\u00f3n de la \u201cLey de Servicios de la Sociedad de la Informaci\u00f3n\u201d (LSSICE) establecida por el Real Decreto 13\/2012, es de obligaci\u00f3n obtener el consentimiento expreso del usuario de todas las p\u00e1ginas web que usan cookies prescindibles, antes de que \u00e9ste navegue [&hellip;]<\/p>\n","protected":false},"author":1,"featured_media":0,"parent":0,"menu_order":3,"comment_status":"closed","ping_status":"closed","template":"","meta":{"_acf_changed":false,"footnotes":""},"class_list":["post-162","page","type-page","status-publish","hentry"],"acf":[],"_links":{"self":[{"href":"https:\/\/www.uvasfrescas.com\/en\/wp-json\/wp\/v2\/pages\/162","targetHints":{"allow":["GET"]}}],"collection":[{"href":"https:\/\/www.uvasfrescas.com\/en\/wp-json\/wp\/v2\/pages"}],"about":[{"href":"https:\/\/www.uvasfrescas.com\/en\/wp-json\/wp\/v2\/types\/page"}],"author":[{"embeddable":true,"href":"https:\/\/www.uvasfrescas.com\/en\/wp-json\/wp\/v2\/users\/1"}],"replies":[{"embeddable":true,"href":"https:\/\/www.uvasfrescas.com\/en\/wp-json\/wp\/v2\/comments?post=162"}],"version-history":[{"count":3,"href":"https:\/\/www.uvasfrescas.com\/en\/wp-json\/wp\/v2\/pages\/162\/revisions"}],"predecessor-version":[{"id":1620,"href":"https:\/\/www.uvasfrescas.com\/en\/wp-json\/wp\/v2\/pages\/162\/revisions\/1620"}],"wp:attachment":[{"href":"https:\/\/www.uvasfrescas.com\/en\/wp-json\/wp\/v2\/media?parent=162"}],"curies":[{"name":"wp","href":"https:\/\/api.w.org\/{rel}","templated":true}]}}