{"id":1144,"date":"2020-09-20T23:53:40","date_gmt":"2020-09-20T21:53:40","guid":{"rendered":"https:\/\/www.uvasfrescas.com\/?post_type=product&#038;p=1144"},"modified":"2026-04-01T11:06:42","modified_gmt":"2026-04-01T09:06:42","slug":"comprar-serum-intensivo-facial","status":"publish","type":"product","link":"https:\/\/www.uvasfrescas.com\/en\/tienda\/comprar-serum-intensivo-facial\/","title":{"rendered":"S\u00e9rum Intensivo Iluminador"},"content":{"rendered":"<p>El S\u00e9rum Facial Iluminador contiene Col\u00e1geno Marino Vegano, \u00c1cido Hialur\u00f3nico y Extracto de Uva Bio, agentes antioxidantes naturales que suavizan de manera efectiva los signos de envejecimiento actuando desde las capas m\u00e1s profundas de la piel.<\/p>\n<p>The formule of this serum has a strog blend of Red Grape Oil, recognized for its high level of antioxidants agents that helps skin to keep beautiful and young long time. Its texture adapts perfectly for all skin types. Also allows a pleasant use that keeps the skin smooth.<\/p>\n<p>For all skin types.<\/p>\n<p><strong>Modo de empleo<\/strong>: Despu\u00e9s de una correcta higiene aplicar por la ma\u00f1ana y por la noche unas gotas por cara y cuello realizando un suave masaje hasta su total absorci\u00f3n.<\/p>\n<p><strong>Capacidad<\/strong>: 40ml.<\/p>","protected":false},"excerpt":{"rendered":"<p><span style=\"color: #9ca86d\"><strong>ILUMINADOR Y REVITALIZANTE<\/strong><\/span><\/p>\n<p data-start=\"106\" data-end=\"311\">El S\u00e9rum Intensivo Iluminador de Uvas Frescas es un tratamiento de cosm\u00e9tica ecol\u00f3gica formulado para revitalizar la piel, <strong>potenciar su luminosidad natural<\/strong> y mejorar visiblemente la uniformidad del tono.<\/p>\n<p data-start=\"318\" data-end=\"547\">Contiene <strong>Col\u00e1geno Marino Vegano<\/strong>,<strong> \u00c1cido Hialur\u00f3nico<\/strong> y <strong>Extracto de Uva Bio<\/strong>, potentes antioxidantes naturales que ayudan a suavizar los signos de envejecimiento actuando en profundidad y favoreciendo una piel m\u00e1s firme y el\u00e1stica.<\/p>\n<p data-start=\"554\" data-end=\"851\">Su f\u00f3rmula concentrada contribuye a mantener la piel joven y saludable durante m\u00e1s tiempo.<\/p>\n<p data-start=\"554\" data-end=\"851\"><strong>Capacidad<\/strong>: 40ml.<\/p>","protected":false},"featured_media":4028,"template":"","meta":{"_acf_changed":false},"product_brand":[],"product_cat":[55],"product_tag":[],"class_list":{"0":"post-1144","1":"product","2":"type-product","3":"status-publish","4":"has-post-thumbnail","6":"product_cat-general","8":"first","9":"instock","10":"taxable","11":"shipping-taxable","12":"purchasable","13":"product-type-simple"},"acf":[],"_links":{"self":[{"href":"https:\/\/www.uvasfrescas.com\/en\/wp-json\/wp\/v2\/product\/1144","targetHints":{"allow":["GET"]}}],"collection":[{"href":"https:\/\/www.uvasfrescas.com\/en\/wp-json\/wp\/v2\/product"}],"about":[{"href":"https:\/\/www.uvasfrescas.com\/en\/wp-json\/wp\/v2\/types\/product"}],"wp:featuredmedia":[{"embeddable":true,"href":"https:\/\/www.uvasfrescas.com\/en\/wp-json\/wp\/v2\/media\/4028"}],"wp:attachment":[{"href":"https:\/\/www.uvasfrescas.com\/en\/wp-json\/wp\/v2\/media?parent=1144"}],"wp:term":[{"taxonomy":"product_brand","embeddable":true,"href":"https:\/\/www.uvasfrescas.com\/en\/wp-json\/wp\/v2\/product_brand?post=1144"},{"taxonomy":"product_cat","embeddable":true,"href":"https:\/\/www.uvasfrescas.com\/en\/wp-json\/wp\/v2\/product_cat?post=1144"},{"taxonomy":"product_tag","embeddable":true,"href":"https:\/\/www.uvasfrescas.com\/en\/wp-json\/wp\/v2\/product_tag?post=1144"}],"curies":[{"name":"wp","href":"https:\/\/api.w.org\/{rel}","templated":true}]}}