{"id":1157,"date":"2020-09-21T00:48:46","date_gmt":"2020-09-20T22:48:46","guid":{"rendered":"https:\/\/www.uvasfrescas.com\/?post_type=product&#038;p=1157"},"modified":"2026-04-01T11:11:33","modified_gmt":"2026-04-01T09:11:33","slug":"comprar-aceite-activo-de-noche","status":"publish","type":"product","link":"https:\/\/www.uvasfrescas.com\/en\/tienda\/comprar-aceite-activo-de-noche\/","title":{"rendered":"Aceite Activo de Noche"},"content":{"rendered":"<div class=\"elementor-element elementor-element-22a286e elementor-widget-mobile__width-inherit elementor-widget elementor-widget-heading\" data-id=\"22a286e\" data-element_type=\"widget\" data-widget_type=\"heading.default\">\n<div class=\"elementor-widget-container\">\n<p>The Night Active Oil is a combination of natural oils that hydrate the skin at night so it looks more radiant, smooth and soft in the morning.<\/p>\n<p>It restores natural skin brightness and makes skin look healthier.<\/p>\n<p>For all skin types.<\/p>\n<p><strong>Modo de empleo<\/strong>: Despu\u00e9s de una correcta higiene aplicar por las noches unas gotas por cara y cuello.<\/p>\n<p><strong>Capacidad<\/strong>: 40ml.<\/p>\n<\/div>\n<\/div>","protected":false},"excerpt":{"rendered":"<p data-start=\"96\" data-end=\"294\"><span style=\"color: #9ca86d\"><strong>REGENERACI\u00d3N Y NUTRICI\u00d3N NOCTURNA<\/strong><\/span><\/p>\n<p data-start=\"96\" data-end=\"294\">El Aceite Activo Facial de Noche es un tratamiento cosm\u00e9tico ecol\u00f3gico dise\u00f1ado para potenciar el proceso natural de regeneraci\u00f3n de la piel mientras descansas.<\/p>\n<p data-start=\"296\" data-end=\"546\">Su f\u00f3rmula, elaborada con aceites naturales de alta calidad, proporciona <strong>nutrici\u00f3n profunda<\/strong>, equilibrio e hidrataci\u00f3n, ayudando a<strong> restaurar la piel<\/strong> durante la noche. Al despertar, el rostro se siente m\u00e1s suave, flexible y visiblemente revitalizado.<\/p>\n<p data-start=\"548\" data-end=\"680\">Este aceite ayuda a <strong>recuperar la luminosidad natural de la piel<\/strong>, aportando un aspecto m\u00e1s saludable, fresco y radiante cada d\u00eda.<\/p>\n<p data-start=\"548\" data-end=\"680\"><strong>Capacidad<\/strong>: 40ml.<\/p>","protected":false},"featured_media":4029,"template":"","meta":{"_acf_changed":false},"product_brand":[],"product_cat":[55],"product_tag":[],"class_list":{"0":"post-1157","1":"product","2":"type-product","3":"status-publish","4":"has-post-thumbnail","6":"product_cat-general","8":"first","9":"instock","10":"taxable","11":"shipping-taxable","12":"purchasable","13":"product-type-simple"},"acf":[],"_links":{"self":[{"href":"https:\/\/www.uvasfrescas.com\/en\/wp-json\/wp\/v2\/product\/1157","targetHints":{"allow":["GET"]}}],"collection":[{"href":"https:\/\/www.uvasfrescas.com\/en\/wp-json\/wp\/v2\/product"}],"about":[{"href":"https:\/\/www.uvasfrescas.com\/en\/wp-json\/wp\/v2\/types\/product"}],"wp:featuredmedia":[{"embeddable":true,"href":"https:\/\/www.uvasfrescas.com\/en\/wp-json\/wp\/v2\/media\/4029"}],"wp:attachment":[{"href":"https:\/\/www.uvasfrescas.com\/en\/wp-json\/wp\/v2\/media?parent=1157"}],"wp:term":[{"taxonomy":"product_brand","embeddable":true,"href":"https:\/\/www.uvasfrescas.com\/en\/wp-json\/wp\/v2\/product_brand?post=1157"},{"taxonomy":"product_cat","embeddable":true,"href":"https:\/\/www.uvasfrescas.com\/en\/wp-json\/wp\/v2\/product_cat?post=1157"},{"taxonomy":"product_tag","embeddable":true,"href":"https:\/\/www.uvasfrescas.com\/en\/wp-json\/wp\/v2\/product_tag?post=1157"}],"curies":[{"name":"wp","href":"https:\/\/api.w.org\/{rel}","templated":true}]}}