{"id":1168,"date":"2020-09-21T11:21:18","date_gmt":"2020-09-21T09:21:18","guid":{"rendered":"https:\/\/www.uvasfrescas.com\/?post_type=product&#038;p=1168"},"modified":"2026-03-11T14:25:51","modified_gmt":"2026-03-11T13:25:51","slug":"set-de-viaje-uvas-frescas","status":"publish","type":"product","link":"https:\/\/www.uvasfrescas.com\/en\/tienda\/set-de-viaje-uvas-frescas\/","title":{"rendered":"Set de viaje"},"content":{"rendered":"<p>El pack incluye 4 minitallas:<\/p>\n<ul>\n<li><strong>Gel de Ducha Hidratante BIO: <\/strong>enriquecido con Aloe Vera y Extracto de Uva cuida de forma natural la piel respetando su pH fisiol\u00f3gico. Su suave aroma a uva y almendras dulces convierte una ducha diaria en una delicia arom\u00e1tica.<\/li>\n<li><strong>Champ\u00fa Suave Nutritivo\u00a0 BIO:<\/strong> El Champ\u00fa Uvas Frescas contiene activos y aceites ecol\u00f3gicos certificados que limpian, fortifican y protegen el cabello de los agentes externos hidrat\u00e1ndolo en profundidad. El extracto de uva bio y el aceite de coco aportan\u00a0 brillo y suavidad al cabello y lo mantienen sano, fuerte y acondicionado. No contiene sodium lauryl sulfate (SLS).<\/li>\n<li>\u00a0<strong>La Crema Corporal Nutritiva BIO:<\/strong> contiene Manteca de Karit\u00e9, Aceite de Uva y Jojoba, hidrata de manera inmediata y duradera, aportando elasticidad y suavidad a la piel. Nos ayuda a prevenir el envejecimiento gracias a los activos antioxidantes del Aceite de Vid Roja.<\/li>\n<li><strong>Jab\u00f3n natural y artesanal:<\/strong> Elaborado con Aceite de Pepita de Uva y Oliva, con pulpa de Aloe Vera, cuyos componentes tienen reconocidas propiedades de regeneraci\u00f3n y revitalizaci\u00f3n de la piel.<\/li>\n<\/ul>\n<p>&nbsp;<\/p>\n<p>\u00b7 Nuevo formato \u00b7<\/p>","protected":false},"excerpt":{"rendered":"<p><span style=\"color: #9ca86d\"><strong>FRESCOR NATURAL Y BIENESTAR DIARIO<\/strong><\/span><\/p>\n<p>El set de viaje Uvas Frescas es un exclusivo ritual de belleza, completo y muy especial, dise\u00f1ado para el cuidado diario de la piel.<\/p>\n<p>Formulados con <strong data-start=\"663\" data-end=\"716\">ingredientes naturales y activos de alta calidad<\/strong>, como la uva BIO, el col\u00e1geno vegano y la vitamina E, que ayudan a <strong data-start=\"730\" data-end=\"787\">hidratar, revitalizar y mejorar la textura de la piel<\/strong>, devolvi\u00e9ndole su energ\u00eda y luminosidad natural. Su suave aroma a extractos de vid roja convierte una ducha diaria en una delicia arom\u00e1tica.<\/p>\n<p>Re\u00fane cuatro productos en formato 30 mls. Gel de ducha, Champ\u00fa nutritivo, Crema corporal y Jab\u00f3n Natural de Uva, ideal para regalar o disfrutar como tratamiento completo de cuidado natural.<\/p>\n<p>&nbsp;<\/p>","protected":false},"featured_media":3988,"template":"","meta":{"_acf_changed":false},"product_brand":[],"product_cat":[55],"product_tag":[],"class_list":{"0":"post-1168","1":"product","2":"type-product","3":"status-publish","4":"has-post-thumbnail","6":"product_cat-general","8":"first","9":"instock","10":"taxable","11":"shipping-taxable","12":"purchasable","13":"product-type-simple"},"acf":[],"_links":{"self":[{"href":"https:\/\/www.uvasfrescas.com\/en\/wp-json\/wp\/v2\/product\/1168","targetHints":{"allow":["GET"]}}],"collection":[{"href":"https:\/\/www.uvasfrescas.com\/en\/wp-json\/wp\/v2\/product"}],"about":[{"href":"https:\/\/www.uvasfrescas.com\/en\/wp-json\/wp\/v2\/types\/product"}],"wp:featuredmedia":[{"embeddable":true,"href":"https:\/\/www.uvasfrescas.com\/en\/wp-json\/wp\/v2\/media\/3988"}],"wp:attachment":[{"href":"https:\/\/www.uvasfrescas.com\/en\/wp-json\/wp\/v2\/media?parent=1168"}],"wp:term":[{"taxonomy":"product_brand","embeddable":true,"href":"https:\/\/www.uvasfrescas.com\/en\/wp-json\/wp\/v2\/product_brand?post=1168"},{"taxonomy":"product_cat","embeddable":true,"href":"https:\/\/www.uvasfrescas.com\/en\/wp-json\/wp\/v2\/product_cat?post=1168"},{"taxonomy":"product_tag","embeddable":true,"href":"https:\/\/www.uvasfrescas.com\/en\/wp-json\/wp\/v2\/product_tag?post=1168"}],"curies":[{"name":"wp","href":"https:\/\/api.w.org\/{rel}","templated":true}]}}