{"id":1169,"date":"2020-09-21T11:30:27","date_gmt":"2020-09-21T09:30:27","guid":{"rendered":"https:\/\/www.uvasfrescas.com\/?post_type=product&#038;p=1169"},"modified":"2026-04-01T11:22:02","modified_gmt":"2026-04-01T09:22:02","slug":"contorno-de-ojos","status":"publish","type":"product","link":"https:\/\/www.uvasfrescas.com\/en\/tienda\/contorno-de-ojos\/","title":{"rendered":"Contorno de Ojos Reafirmante"},"content":{"rendered":"<p>El Contorno de Ojos Uvas Frescas contiene Bakuchiol, Col\u00e1geno Marino, Uva Bio y Ginkgo Biloba, agentes antioxidantes naturales que suavizan los signos de envejecimiento y aumentan el flujo sangu\u00edneo, aportando firmeza y elasticidad a la piel. Ayuda a prevenir y atenuar bolsas y ojeras.<\/p>\n<p>Its texture adapts perfectly for all skin types. Also allows a pleasant use that keeps the skin smooth.<\/p>\n<p><strong>Modo de empleo<\/strong>: Aplicar por la ma\u00f1ana y noche, realizando un suave masaje hasta su total absorci\u00f3n.<\/p>\n<p><strong>Capacidad<\/strong>: 15 ml.<\/p>","protected":false},"excerpt":{"rendered":"<p><span style=\"color: #9ca86d\"><strong>FIRMEZA Y LUMINOSIDAD<\/strong><\/span><\/p>\n<p data-start=\"153\" data-end=\"475\">El Contorno de Ojos Reafirmante es un tratamiento de cosm\u00e9tica ecol\u00f3gica formulado espec\u00edficamente para cuidar la piel de la zona m\u00e1s delicada del rostro. Su combinaci\u00f3n de activos de origen natural <strong>ayuda a mejorar la firmeza<\/strong>, aportando hidrataci\u00f3n, suavidad y una apariencia visiblemente m\u00e1s descansada.<\/p>\n<p data-start=\"482\" data-end=\"817\">Est\u00e1 dise\u00f1ado para prevenir y suavizar la aparici\u00f3n de arrugas, <strong>restaurando la elasticidad y la luminosidad de la piel<\/strong>. Su f\u00f3rmula incorpora <strong>Uva Bio<\/strong>, <strong>Bakuchiol<\/strong>, <strong>Col\u00e1geno Marino<\/strong>, <strong>Ginkgo Biloba<\/strong> y <strong>P\u00e9ptidos<\/strong>, potentes activos naturales que refuerzan y protegen la barrera cut\u00e1nea mientras proporcionan una hidrataci\u00f3n profunda y duradera. El resultado es una mirada m\u00e1s fresca, tersa y luminosa, con una piel jugosa, suave y revitalizada d\u00eda tras d\u00eda.<\/p>\n<p data-start=\"482\" data-end=\"817\"><strong>Capacidad<\/strong>: 15 ml.<\/p>","protected":false},"featured_media":4032,"template":"","meta":{"_acf_changed":false},"product_brand":[],"product_cat":[55],"product_tag":[],"class_list":{"0":"post-1169","1":"product","2":"type-product","3":"status-publish","4":"has-post-thumbnail","6":"product_cat-general","8":"first","9":"instock","10":"taxable","11":"shipping-taxable","12":"purchasable","13":"product-type-simple"},"acf":[],"_links":{"self":[{"href":"https:\/\/www.uvasfrescas.com\/en\/wp-json\/wp\/v2\/product\/1169","targetHints":{"allow":["GET"]}}],"collection":[{"href":"https:\/\/www.uvasfrescas.com\/en\/wp-json\/wp\/v2\/product"}],"about":[{"href":"https:\/\/www.uvasfrescas.com\/en\/wp-json\/wp\/v2\/types\/product"}],"wp:featuredmedia":[{"embeddable":true,"href":"https:\/\/www.uvasfrescas.com\/en\/wp-json\/wp\/v2\/media\/4032"}],"wp:attachment":[{"href":"https:\/\/www.uvasfrescas.com\/en\/wp-json\/wp\/v2\/media?parent=1169"}],"wp:term":[{"taxonomy":"product_brand","embeddable":true,"href":"https:\/\/www.uvasfrescas.com\/en\/wp-json\/wp\/v2\/product_brand?post=1169"},{"taxonomy":"product_cat","embeddable":true,"href":"https:\/\/www.uvasfrescas.com\/en\/wp-json\/wp\/v2\/product_cat?post=1169"},{"taxonomy":"product_tag","embeddable":true,"href":"https:\/\/www.uvasfrescas.com\/en\/wp-json\/wp\/v2\/product_tag?post=1169"}],"curies":[{"name":"wp","href":"https:\/\/api.w.org\/{rel}","templated":true}]}}