{"id":1177,"date":"2020-09-21T16:45:37","date_gmt":"2020-09-21T14:45:37","guid":{"rendered":"https:\/\/www.uvasfrescas.com\/?post_type=product&#038;p=1177"},"modified":"2026-04-22T18:46:56","modified_gmt":"2026-04-22T16:46:56","slug":"comprar-crema-corporal-nutritiva","status":"publish","type":"product","link":"https:\/\/www.uvasfrescas.com\/en\/tienda\/comprar-crema-corporal-nutritiva\/","title":{"rendered":"Crema Corporal Nutritiva"},"content":{"rendered":"<p>La Crema Corporal Uvas Frescas contiene Manteca de Karit\u00e9, Col\u00e1geno Marino de origen vegetal y Aceite de Uva y Jojoba, que hidratan de manera inmediata y duradera, aportando elasticidad, firmeza y suavidad a la piel. Nos ayuda a prevenir el envejecimiento gracias a los activos antioxidantes del Aceite de Vid Roja.<\/p>\n<p>De r\u00e1pida absorci\u00f3nLa Crema Corporal Nutritiva y Reafirmante de Uvas Frescas combina el poder de la uva bio con una cuidada selecci\u00f3n de activos de alta eficacia para transformar la piel desde la primera aplicaci\u00f3n. Su f\u00f3rmula, enriquecida con manteca de karit\u00e9, col\u00e1geno marino de origen vegetal y aceites de uva y jojoba, aporta una hidrataci\u00f3n profunda y duradera, mejorando visiblemente la elasticidad y la firmeza.<\/p>\n<p><strong>Modo de empleo<\/strong>: Aplicar mediante un suave masaje hasta su completa absorci\u00f3n. La piel debe de estar limpia y seca antes de su aplicaci\u00f3n.<\/p>\n<p><strong>Capacidad<\/strong>: 200ml.<\/p>","protected":false},"excerpt":{"rendered":"<p><span style=\"color: #8b9b4f\"><strong>NUTRITIVA Y REAFIRMANTE<\/strong><\/span><\/p>\n<p>La Crema Corporal Nutritiva combina el poder de la uva bio con una cuidada selecci\u00f3n de activos de alta eficacia para transformar la piel desde la primera aplicaci\u00f3n. Su f\u00f3rmula, enriquecida con <strong>karit\u00e9<\/strong>, <strong>col\u00e1geno marino, centella asi\u00e1tica <\/strong>y <strong>aceites de uva y jojoba<\/strong>, aporta una <strong>hidrataci\u00f3n profunda<\/strong> y duradera, mejorando visiblemente la <strong>elasticidad y la firmeza<\/strong>.<\/p>\n<p data-start=\"584\" data-end=\"854\">La centella asi\u00e1tica potencia la regeneraci\u00f3n cut\u00e1nea, ayudando a <strong>tonificar y reafirmar <\/strong>la piel, mientras que los antioxidantes naturales del aceite de vid roja act\u00faan frente al envejecimiento prematuro, protegiendo y <strong>revitalizando la piel<\/strong> d\u00eda tras d\u00eda.<\/p>\n<p data-start=\"856\" data-end=\"989\">Su textura ligera y de r\u00e1pida absorci\u00f3n deja la piel nutrida, suave y con una sensaci\u00f3n de confort inmediato.<\/p>\n<p><strong>Capacity:<\/strong> 200ml.<\/p>\n<p>&nbsp;<\/p>","protected":false},"featured_media":2738,"template":"","meta":{"_acf_changed":false},"product_brand":[],"product_cat":[55],"product_tag":[],"class_list":{"0":"post-1177","1":"product","2":"type-product","3":"status-publish","4":"has-post-thumbnail","6":"product_cat-general","8":"first","9":"instock","10":"taxable","11":"shipping-taxable","12":"purchasable","13":"product-type-simple"},"acf":[],"_links":{"self":[{"href":"https:\/\/www.uvasfrescas.com\/en\/wp-json\/wp\/v2\/product\/1177","targetHints":{"allow":["GET"]}}],"collection":[{"href":"https:\/\/www.uvasfrescas.com\/en\/wp-json\/wp\/v2\/product"}],"about":[{"href":"https:\/\/www.uvasfrescas.com\/en\/wp-json\/wp\/v2\/types\/product"}],"wp:featuredmedia":[{"embeddable":true,"href":"https:\/\/www.uvasfrescas.com\/en\/wp-json\/wp\/v2\/media\/2738"}],"wp:attachment":[{"href":"https:\/\/www.uvasfrescas.com\/en\/wp-json\/wp\/v2\/media?parent=1177"}],"wp:term":[{"taxonomy":"product_brand","embeddable":true,"href":"https:\/\/www.uvasfrescas.com\/en\/wp-json\/wp\/v2\/product_brand?post=1177"},{"taxonomy":"product_cat","embeddable":true,"href":"https:\/\/www.uvasfrescas.com\/en\/wp-json\/wp\/v2\/product_cat?post=1177"},{"taxonomy":"product_tag","embeddable":true,"href":"https:\/\/www.uvasfrescas.com\/en\/wp-json\/wp\/v2\/product_tag?post=1177"}],"curies":[{"name":"wp","href":"https:\/\/api.w.org\/{rel}","templated":true}]}}