{"id":1181,"date":"2020-09-21T16:55:58","date_gmt":"2020-09-21T14:55:58","guid":{"rendered":"https:\/\/www.uvasfrescas.com\/?post_type=product&#038;p=1181"},"modified":"2025-01-07T08:58:13","modified_gmt":"2025-01-07T07:58:13","slug":"comprar-champu-nutritivo","status":"publish","type":"product","link":"https:\/\/www.uvasfrescas.com\/en\/tienda\/comprar-champu-nutritivo\/","title":{"rendered":"Champ\u00fa Nutritivo"},"content":{"rendered":"<p>El Champ\u00fa Uvas Frescas contiene activos y aceites ecol\u00f3gicos certificados que limpian, fortifican y protegen el cabello de los agentes externos hidrat\u00e1ndolo en profundidad. El extracto de uva bio y el aceite de coco aportan brillo y suavidad al cabello y lo mantienen sano, fuerte y acondicionado.<\/p>\n<p>Avoid contact with eyes, mucous membranes and open wounds.<\/p>\n<p><strong>Modo de empleo<\/strong>: Aplicar sobre el cabello h\u00famedo realizando suaves masajes. Aclarar con agua.<\/p>\n<p><strong>Capacidad<\/strong>: 300ml.<\/p>","protected":false},"excerpt":{"rendered":"<p>Contiene activos y aceites ecol\u00f3gicos certificados que limpian, fortifican y protegen el cabello de los agentes externos hidrat\u00e1ndolo en profundidad. El extracto de uva bio y el aceite de coco aportan brillo y suavidad al cabello y lo mantienen sano, fuerte y acondicionado.<\/p>\n<p>Avoid contact with eyes, mucous membranes and open wounds.<\/p>","protected":false},"featured_media":1182,"template":"","meta":{"_acf_changed":false},"product_brand":[],"product_cat":[55],"product_tag":[],"class_list":{"0":"post-1181","1":"product","2":"type-product","3":"status-publish","4":"has-post-thumbnail","6":"product_cat-general","8":"first","9":"outofstock","10":"taxable","11":"shipping-taxable","12":"purchasable","13":"product-type-simple"},"acf":[],"_links":{"self":[{"href":"https:\/\/www.uvasfrescas.com\/en\/wp-json\/wp\/v2\/product\/1181","targetHints":{"allow":["GET"]}}],"collection":[{"href":"https:\/\/www.uvasfrescas.com\/en\/wp-json\/wp\/v2\/product"}],"about":[{"href":"https:\/\/www.uvasfrescas.com\/en\/wp-json\/wp\/v2\/types\/product"}],"wp:featuredmedia":[{"embeddable":true,"href":"https:\/\/www.uvasfrescas.com\/en\/wp-json\/wp\/v2\/media\/1182"}],"wp:attachment":[{"href":"https:\/\/www.uvasfrescas.com\/en\/wp-json\/wp\/v2\/media?parent=1181"}],"wp:term":[{"taxonomy":"product_brand","embeddable":true,"href":"https:\/\/www.uvasfrescas.com\/en\/wp-json\/wp\/v2\/product_brand?post=1181"},{"taxonomy":"product_cat","embeddable":true,"href":"https:\/\/www.uvasfrescas.com\/en\/wp-json\/wp\/v2\/product_cat?post=1181"},{"taxonomy":"product_tag","embeddable":true,"href":"https:\/\/www.uvasfrescas.com\/en\/wp-json\/wp\/v2\/product_tag?post=1181"}],"curies":[{"name":"wp","href":"https:\/\/api.w.org\/{rel}","templated":true}]}}