{"id":1771,"date":"2021-08-10T12:39:42","date_gmt":"2021-08-10T10:39:42","guid":{"rendered":"https:\/\/www.uvasfrescas.com\/?post_type=product&#038;p=1771"},"modified":"2026-01-19T14:19:25","modified_gmt":"2026-01-19T13:19:25","slug":"comprar-champu-solido-nutritivo","status":"publish","type":"product","link":"https:\/\/www.uvasfrescas.com\/en\/tienda\/comprar-champu-solido-nutritivo\/","title":{"rendered":"Champ\u00fa s\u00f3lido nutritivo"},"content":{"rendered":"<p>El champ\u00fa S\u00f3lido Uvas Frescas est\u00e1 enriquecido con Extractos de Uva Bio, Aceite de Coco y Camelia, Manteca de Karit\u00e9 y Pulpa de Aloe Vera, activos naturales que aportan propiedades hidratantes, antica\u00edda y fortificantes al cabello. Contiene Inulina, un prebi\u00f3tico que fortalece la barrera inmunitaria del cabello y restablece su brillo natural.<\/p>\n<p>F\u00f3rmula m\u00e1s concentrada ya que no contiene agua en su composici\u00f3n.<\/p>\n<p>Adaptado a todo tipo de cabello.<\/p>\n<p><strong>Modo de empleo<\/strong>: Frota la pastilla directamente sobre el cabello h\u00famedo hasta obtener espuma. Masajea suavemente el cuero cabelludo y aclara. Seca la pastilla de champ\u00fa y gu\u00e1rdala en un lugar seco.<\/p>\n<p><strong>Capacidad<\/strong>: 70gr.<\/p>","protected":false},"excerpt":{"rendered":"<p><em>Con UVA BIO, ACEITE DE COCO Y CAMELIA<\/em><\/p>\n<p>El champ\u00fa S\u00f3lido Uvas Frescas est\u00e1 enriquecido con Extractos de Uva Bio, Aceite de Coco y Camelia, Manteca de Karit\u00e9 y Pulpa de Aloe Vera, activos naturales que aportan propiedades hidratantes, antica\u00edda y fortificantes al cabello. Contiene Inulina, un prebi\u00f3tico que fortalece la barrera inmunitaria del cabello y restablece su brillo natural.<\/p>","protected":false},"featured_media":1772,"template":"","meta":{"_acf_changed":false},"product_brand":[],"product_cat":[55],"product_tag":[],"class_list":{"0":"post-1771","1":"product","2":"type-product","3":"status-publish","4":"has-post-thumbnail","6":"product_cat-general","8":"first","9":"instock","10":"taxable","11":"shipping-taxable","12":"purchasable","13":"product-type-simple"},"acf":[],"_links":{"self":[{"href":"https:\/\/www.uvasfrescas.com\/en\/wp-json\/wp\/v2\/product\/1771","targetHints":{"allow":["GET"]}}],"collection":[{"href":"https:\/\/www.uvasfrescas.com\/en\/wp-json\/wp\/v2\/product"}],"about":[{"href":"https:\/\/www.uvasfrescas.com\/en\/wp-json\/wp\/v2\/types\/product"}],"wp:featuredmedia":[{"embeddable":true,"href":"https:\/\/www.uvasfrescas.com\/en\/wp-json\/wp\/v2\/media\/1772"}],"wp:attachment":[{"href":"https:\/\/www.uvasfrescas.com\/en\/wp-json\/wp\/v2\/media?parent=1771"}],"wp:term":[{"taxonomy":"product_brand","embeddable":true,"href":"https:\/\/www.uvasfrescas.com\/en\/wp-json\/wp\/v2\/product_brand?post=1771"},{"taxonomy":"product_cat","embeddable":true,"href":"https:\/\/www.uvasfrescas.com\/en\/wp-json\/wp\/v2\/product_cat?post=1771"},{"taxonomy":"product_tag","embeddable":true,"href":"https:\/\/www.uvasfrescas.com\/en\/wp-json\/wp\/v2\/product_tag?post=1771"}],"curies":[{"name":"wp","href":"https:\/\/api.w.org\/{rel}","templated":true}]}}