{"id":1775,"date":"2021-08-10T12:59:08","date_gmt":"2021-08-10T10:59:08","guid":{"rendered":"https:\/\/www.uvasfrescas.com\/?post_type=product&#038;p=1775"},"modified":"2023-03-13T08:20:07","modified_gmt":"2023-03-13T07:20:07","slug":"comprar-acondicionador-capilar-solido","status":"publish","type":"product","link":"https:\/\/www.uvasfrescas.com\/en\/tienda\/comprar-acondicionador-capilar-solido\/","title":{"rendered":"Acondicionador capilar s\u00f3lido"},"content":{"rendered":"<p>El acondicionador S\u00f3lido Uvas Frescas est\u00e1 enriquecido con Manteca de Cacao, Aceite de Coco, Camelia y Mango, activos de origen natural que hidratan, nutren y revitalizan el cabello dej\u00e1ndolo suave y brillante por m\u00e1s tiempo. Contiene Inulina, un prebi\u00f3tico natural que fortalece la barrera inmunitaria del cabello.<\/p>\n<p>F\u00f3rmula m\u00e1s concentrada ya que no contiene agua en su composici\u00f3n.<\/p>\n<p>Adaptado a todo tipo de cabello.<\/p>\n<p><strong>Modo de empleo<\/strong>: Frota la pastilla con las manos y aplica la emulsi\u00f3n sobre el cabello h\u00famedo, desde medios hasta las puntas. Masajea suavemente, deja actuar unos minutos y aclara abundantemente.<\/p>\n<p><strong>Capacidad<\/strong>: 70gr.<\/p>","protected":false},"excerpt":{"rendered":"<p><em>Con UVA BIO, CAMELIA Y MANGO<\/em><\/p>\n<p>El acondicionador S\u00f3lido Uvas Frescas est\u00e1 enriquecido con Manteca de Cacao, Aceite de Coco, Camelia y Mango, activos de origen natural que hidratan, nutren y revitalizan el cabello dej\u00e1ndolo suave y brillante por m\u00e1s tiempo. Contiene Inulina, un prebi\u00f3tico natural que fortalece la barrera inmunitaria del cabello.<\/p>","protected":false},"featured_media":1776,"template":"","meta":{"_acf_changed":false},"product_brand":[],"product_cat":[55],"product_tag":[],"class_list":{"0":"post-1775","1":"product","2":"type-product","3":"status-publish","4":"has-post-thumbnail","6":"product_cat-general","8":"first","9":"instock","10":"taxable","11":"shipping-taxable","12":"purchasable","13":"product-type-simple"},"acf":[],"_links":{"self":[{"href":"https:\/\/www.uvasfrescas.com\/en\/wp-json\/wp\/v2\/product\/1775","targetHints":{"allow":["GET"]}}],"collection":[{"href":"https:\/\/www.uvasfrescas.com\/en\/wp-json\/wp\/v2\/product"}],"about":[{"href":"https:\/\/www.uvasfrescas.com\/en\/wp-json\/wp\/v2\/types\/product"}],"wp:featuredmedia":[{"embeddable":true,"href":"https:\/\/www.uvasfrescas.com\/en\/wp-json\/wp\/v2\/media\/1776"}],"wp:attachment":[{"href":"https:\/\/www.uvasfrescas.com\/en\/wp-json\/wp\/v2\/media?parent=1775"}],"wp:term":[{"taxonomy":"product_brand","embeddable":true,"href":"https:\/\/www.uvasfrescas.com\/en\/wp-json\/wp\/v2\/product_brand?post=1775"},{"taxonomy":"product_cat","embeddable":true,"href":"https:\/\/www.uvasfrescas.com\/en\/wp-json\/wp\/v2\/product_cat?post=1775"},{"taxonomy":"product_tag","embeddable":true,"href":"https:\/\/www.uvasfrescas.com\/en\/wp-json\/wp\/v2\/product_tag?post=1775"}],"curies":[{"name":"wp","href":"https:\/\/api.w.org\/{rel}","templated":true}]}}