{"id":1777,"date":"2021-08-10T13:02:49","date_gmt":"2021-08-10T11:02:49","guid":{"rendered":"https:\/\/www.uvasfrescas.com\/?post_type=product&#038;p=1777"},"modified":"2026-01-19T14:35:26","modified_gmt":"2026-01-19T13:35:26","slug":"comprar-pack-cabello-bonito-champu-acondicionador-solidos","status":"publish","type":"product","link":"https:\/\/www.uvasfrescas.com\/en\/tienda\/comprar-pack-cabello-bonito-champu-acondicionador-solidos\/","title":{"rendered":"Pack &#8220;Cabello Bonito&#8221; champ\u00fa + acondicionador s\u00f3lidos"},"content":{"rendered":"<p>Cuida tu cabello con el Champ\u00fa S\u00f3lido y el Acondicionador Capilar S\u00f3lido Uvas Frescas, una combinaci\u00f3n que hidrata, nutre y revitaliza el cabello dej\u00e1ndolo fortalecido y suave. Adem\u00e1s de los activos naturales como Extractos de Uva Bio, Aceite de Coco y Camelia, Manteca de Karit\u00e9 y Pulpa de Aloe Vera, contiene Inulina, un prebi\u00f3tico que fortalece la barrera inmunitaria del cabello y restablece su brillo natural.<\/p>\n<p>F\u00f3rmula m\u00e1s concentrada ya que no contiene agua en su composici\u00f3n.<\/p>\n<p>Adaptado a todo tipo de cabello.<\/p>\n<p><strong>Capacidad<\/strong>: 70gr. + 70gr.<\/p>","protected":false},"excerpt":{"rendered":"<p>Cuida tu cabello con el Champ\u00fa S\u00f3lido y el Acondicionador Capilar S\u00f3lido Uvas Frescas, una combinaci\u00f3n que hidrata, nutre y revitaliza el cabello dej\u00e1ndolo fortalecido y suave. Adem\u00e1s de los activos naturales como Extractos de Uva Bio, Aceite de Coco y Camelia, Manteca de Karit\u00e9 y Pulpa de Aloe Vera, contiene Inulina, un prebi\u00f3tico que fortalece la barrera inmunitaria del cabello y restablece su brillo natural.<\/p>","protected":false},"featured_media":1778,"template":"","meta":{"_acf_changed":false},"product_brand":[],"product_cat":[55],"product_tag":[],"class_list":{"0":"post-1777","1":"product","2":"type-product","3":"status-publish","4":"has-post-thumbnail","6":"product_cat-general","8":"first","9":"outofstock","10":"taxable","11":"shipping-taxable","12":"purchasable","13":"product-type-simple"},"acf":[],"_links":{"self":[{"href":"https:\/\/www.uvasfrescas.com\/en\/wp-json\/wp\/v2\/product\/1777","targetHints":{"allow":["GET"]}}],"collection":[{"href":"https:\/\/www.uvasfrescas.com\/en\/wp-json\/wp\/v2\/product"}],"about":[{"href":"https:\/\/www.uvasfrescas.com\/en\/wp-json\/wp\/v2\/types\/product"}],"wp:featuredmedia":[{"embeddable":true,"href":"https:\/\/www.uvasfrescas.com\/en\/wp-json\/wp\/v2\/media\/1778"}],"wp:attachment":[{"href":"https:\/\/www.uvasfrescas.com\/en\/wp-json\/wp\/v2\/media?parent=1777"}],"wp:term":[{"taxonomy":"product_brand","embeddable":true,"href":"https:\/\/www.uvasfrescas.com\/en\/wp-json\/wp\/v2\/product_brand?post=1777"},{"taxonomy":"product_cat","embeddable":true,"href":"https:\/\/www.uvasfrescas.com\/en\/wp-json\/wp\/v2\/product_cat?post=1777"},{"taxonomy":"product_tag","embeddable":true,"href":"https:\/\/www.uvasfrescas.com\/en\/wp-json\/wp\/v2\/product_tag?post=1777"}],"curies":[{"name":"wp","href":"https:\/\/api.w.org\/{rel}","templated":true}]}}