{"id":1922,"date":"2021-12-10T18:53:37","date_gmt":"2021-12-10T17:53:37","guid":{"rendered":"https:\/\/www.uvasfrescas.com\/?post_type=product&#038;p=1922"},"modified":"2025-01-20T14:01:07","modified_gmt":"2025-01-20T13:01:07","slug":"caja-madera-con-lata-guarda-tu-cosmetica-solida","status":"publish","type":"product","link":"https:\/\/www.uvasfrescas.com\/en\/tienda\/caja-madera-con-lata-guarda-tu-cosmetica-solida\/","title":{"rendered":"Caja madera con lata &#8220;Guarda tu cosm\u00e9tica s\u00f3lida&#8221;"},"content":{"rendered":"<p>Bonita caja de madera natural para combinar la Lata de Uvas Frescas con los nuevos productos de cosm\u00e9tica s\u00f3lida Uvas Frescas y pod\u00e9rtelos llevar siempre contigo.<\/p>\n<p>\u00bfQu\u00e9 contiene este pack?<\/p>\n<ul>\n<li>El producto de cosm\u00e9tica s\u00f3lida que t\u00fa elijas<\/li>\n<li>Lata met\u00e1lica en blanco mate Uvas Frescas<\/li>\n<li>Cajita de madera natural.<\/li>\n<\/ul>","protected":false},"excerpt":{"rendered":"<p>Bonita caja de madera natural para combinar la Lata de Uvas Frescas con los nuevos productos de cosm\u00e9tica s\u00f3lida Uvas Frescas y pod\u00e9rtelos llevar siempre contigo.<\/p>\n<p>\u00bfQu\u00e9 contiene este pack?<\/p>\n<ul>\n<li>El producto de cosm\u00e9tica s\u00f3lida que t\u00fa elijas<\/li>\n<li>Lata met\u00e1lica en blanco mate Uvas Frescas<\/li>\n<li>Cajita de madera natural.<\/li>\n<\/ul>","protected":false},"featured_media":1939,"template":"","meta":{"_acf_changed":false},"product_brand":[],"product_cat":[55],"product_tag":[],"class_list":{"0":"post-1922","1":"product","2":"type-product","3":"status-publish","4":"has-post-thumbnail","6":"product_cat-general","8":"first","9":"instock","10":"taxable","11":"shipping-taxable","12":"purchasable","13":"product-type-variable"},"acf":[],"_links":{"self":[{"href":"https:\/\/www.uvasfrescas.com\/en\/wp-json\/wp\/v2\/product\/1922","targetHints":{"allow":["GET"]}}],"collection":[{"href":"https:\/\/www.uvasfrescas.com\/en\/wp-json\/wp\/v2\/product"}],"about":[{"href":"https:\/\/www.uvasfrescas.com\/en\/wp-json\/wp\/v2\/types\/product"}],"wp:featuredmedia":[{"embeddable":true,"href":"https:\/\/www.uvasfrescas.com\/en\/wp-json\/wp\/v2\/media\/1939"}],"wp:attachment":[{"href":"https:\/\/www.uvasfrescas.com\/en\/wp-json\/wp\/v2\/media?parent=1922"}],"wp:term":[{"taxonomy":"product_brand","embeddable":true,"href":"https:\/\/www.uvasfrescas.com\/en\/wp-json\/wp\/v2\/product_brand?post=1922"},{"taxonomy":"product_cat","embeddable":true,"href":"https:\/\/www.uvasfrescas.com\/en\/wp-json\/wp\/v2\/product_cat?post=1922"},{"taxonomy":"product_tag","embeddable":true,"href":"https:\/\/www.uvasfrescas.com\/en\/wp-json\/wp\/v2\/product_tag?post=1922"}],"curies":[{"name":"wp","href":"https:\/\/api.w.org\/{rel}","templated":true}]}}