{"id":1928,"date":"2021-12-10T18:59:52","date_gmt":"2021-12-10T17:59:52","guid":{"rendered":"https:\/\/www.uvasfrescas.com\/?post_type=product&#038;p=1928"},"modified":"2026-01-19T14:36:28","modified_gmt":"2026-01-19T13:36:28","slug":"detalle-regalo-cosmetica-solida","status":"publish","type":"product","link":"https:\/\/www.uvasfrescas.com\/en\/tienda\/detalle-regalo-cosmetica-solida\/","title":{"rendered":"Detalle regalo cosm\u00e9tica s\u00f3lida"},"content":{"rendered":"<p>Un detalle especial y delicado ideal para regalar y regalarte. Puedes personalizarlo a tu gusto eligiendo el producto de cosm\u00e9tica s\u00f3lida que m\u00e1s te guste.<\/p>\n<p>Lo envolvemos con mucho mimo.<\/p>\n<p>\u00bfQu\u00e9 contiene este pack?<\/p>\n<ul>\n<li>El producto de cosm\u00e9tica s\u00f3lida que t\u00fa elijas<\/li>\n<li>Lata met\u00e1lica en blanco mate Uvas Frescas<\/li>\n<\/ul>","protected":false},"excerpt":{"rendered":"<p>Un detalle especial y delicado ideal para regalar y regalarte. Puedes personalizarlo a tu gusto eligiendo el producto de cosm\u00e9tica s\u00f3lida que m\u00e1s te guste.<\/p>\n<p>Lo envolvemos con mucho mimo.<\/p>\n<p>\u00bfQu\u00e9 contiene este pack?<\/p>\n<ul>\n<li>El producto de cosm\u00e9tica s\u00f3lida que t\u00fa elijas<\/li>\n<li>Lata met\u00e1lica en blanco mate Uvas Frescas<\/li>\n<\/ul>","protected":false},"featured_media":1932,"template":"","meta":{"_acf_changed":false},"product_brand":[],"product_cat":[55],"product_tag":[],"class_list":{"0":"post-1928","1":"product","2":"type-product","3":"status-publish","4":"has-post-thumbnail","6":"product_cat-general","8":"first","9":"instock","10":"taxable","11":"shipping-taxable","12":"purchasable","13":"product-type-variable"},"acf":[],"_links":{"self":[{"href":"https:\/\/www.uvasfrescas.com\/en\/wp-json\/wp\/v2\/product\/1928","targetHints":{"allow":["GET"]}}],"collection":[{"href":"https:\/\/www.uvasfrescas.com\/en\/wp-json\/wp\/v2\/product"}],"about":[{"href":"https:\/\/www.uvasfrescas.com\/en\/wp-json\/wp\/v2\/types\/product"}],"wp:featuredmedia":[{"embeddable":true,"href":"https:\/\/www.uvasfrescas.com\/en\/wp-json\/wp\/v2\/media\/1932"}],"wp:attachment":[{"href":"https:\/\/www.uvasfrescas.com\/en\/wp-json\/wp\/v2\/media?parent=1928"}],"wp:term":[{"taxonomy":"product_brand","embeddable":true,"href":"https:\/\/www.uvasfrescas.com\/en\/wp-json\/wp\/v2\/product_brand?post=1928"},{"taxonomy":"product_cat","embeddable":true,"href":"https:\/\/www.uvasfrescas.com\/en\/wp-json\/wp\/v2\/product_cat?post=1928"},{"taxonomy":"product_tag","embeddable":true,"href":"https:\/\/www.uvasfrescas.com\/en\/wp-json\/wp\/v2\/product_tag?post=1928"}],"curies":[{"name":"wp","href":"https:\/\/api.w.org\/{rel}","templated":true}]}}