{"id":1934,"date":"2021-12-10T19:03:05","date_gmt":"2021-12-10T18:03:05","guid":{"rendered":"https:\/\/www.uvasfrescas.com\/?post_type=product&#038;p=1934"},"modified":"2024-02-02T14:36:50","modified_gmt":"2024-02-02T13:36:50","slug":"lata-uvas-frescas-guarda-tu-cosmetica-solida","status":"publish","type":"product","link":"https:\/\/www.uvasfrescas.com\/en\/tienda\/lata-uvas-frescas-guarda-tu-cosmetica-solida\/","title":{"rendered":"Lata Uvas Frescas &#8220;Guarda tu cosm\u00e9tica s\u00f3lida&#8221;"},"content":{"rendered":"<p>Hemos dise\u00f1ado una lata met\u00e1lica con un acabado blanco mate para que puedas llevar tu Cosm\u00e9tica S\u00f3lida siempre contigo.<\/p>\n<p>La mejor soluci\u00f3n para guardar y conservar tus productos.<\/p>\n<p>Reutilizable y cero residuos.<\/p>","protected":false},"excerpt":{"rendered":"<p>Hemos dise\u00f1ado una lata met\u00e1lica con un acabado blanco mate para que puedas llevar tu Cosm\u00e9tica S\u00f3lida siempre contigo.<\/p>\n<p>La mejor soluci\u00f3n para guardar y conservar tus productos.<\/p>\n<p>Reutilizable y cero residuos.<\/p>","protected":false},"featured_media":1938,"template":"","meta":{"_acf_changed":false},"product_brand":[],"product_cat":[55],"product_tag":[],"class_list":{"0":"post-1934","1":"product","2":"type-product","3":"status-publish","4":"has-post-thumbnail","6":"product_cat-general","8":"first","9":"instock","10":"taxable","11":"shipping-taxable","12":"purchasable","13":"product-type-simple"},"acf":[],"_links":{"self":[{"href":"https:\/\/www.uvasfrescas.com\/en\/wp-json\/wp\/v2\/product\/1934","targetHints":{"allow":["GET"]}}],"collection":[{"href":"https:\/\/www.uvasfrescas.com\/en\/wp-json\/wp\/v2\/product"}],"about":[{"href":"https:\/\/www.uvasfrescas.com\/en\/wp-json\/wp\/v2\/types\/product"}],"wp:featuredmedia":[{"embeddable":true,"href":"https:\/\/www.uvasfrescas.com\/en\/wp-json\/wp\/v2\/media\/1938"}],"wp:attachment":[{"href":"https:\/\/www.uvasfrescas.com\/en\/wp-json\/wp\/v2\/media?parent=1934"}],"wp:term":[{"taxonomy":"product_brand","embeddable":true,"href":"https:\/\/www.uvasfrescas.com\/en\/wp-json\/wp\/v2\/product_brand?post=1934"},{"taxonomy":"product_cat","embeddable":true,"href":"https:\/\/www.uvasfrescas.com\/en\/wp-json\/wp\/v2\/product_cat?post=1934"},{"taxonomy":"product_tag","embeddable":true,"href":"https:\/\/www.uvasfrescas.com\/en\/wp-json\/wp\/v2\/product_tag?post=1934"}],"curies":[{"name":"wp","href":"https:\/\/api.w.org\/{rel}","templated":true}]}}