{"id":3265,"date":"2024-12-13T10:33:05","date_gmt":"2024-12-13T09:33:05","guid":{"rendered":"https:\/\/www.uvasfrescas.com\/?post_type=product&#038;p=3265"},"modified":"2026-01-19T14:23:22","modified_gmt":"2026-01-19T13:23:22","slug":"set-cuidado-manos","status":"publish","type":"product","link":"https:\/\/www.uvasfrescas.com\/en\/tienda\/set-cuidado-manos\/","title":{"rendered":"Set Cuidado Natural Manos"},"content":{"rendered":"<p>Contiene un dosificador de Jab\u00f3n Hidratante Natural 300 mls. y un dosificador de Crema de Manos Reparadora 150mls. ideal para cuidar y proteger la piel de las manos.<\/p>\n<p>Est\u00e1n formulados con Uva BIO, Col\u00e1geno Marino Vegano, Manteca de Karit\u00e9, Camomila y Aloe Vera, activos naturales que hidratan en profundidad y favorecen la elasticidad, firmeza y suavidad de la piel.<\/p>\n<p>Con un delicado aroma natural. R\u00e1pida absorci\u00f3n.<\/p>","protected":false},"excerpt":{"rendered":"<p><strong><span style=\"color: #800080\">EDICI\u00d3N LIMITADA<\/span><\/strong><\/p>\n<p>Set especial para el cuidado diario de las manos. Contiene un dosificador de Jab\u00f3n Hidratante Natural de 300 mls. y un dosificador de Crema de Manos Reparadora 150 mls. ideal para cuidar y proteger la piel de las manos.<\/p>\n<p>Est\u00e1n formulados con Uva BIO, Col\u00e1geno Marino Vegano, Manteca de Karit\u00e9, Camomila y Aloe Vera, activos naturales que hidratan en profundidad y favorecen la elasticidad, firmeza y suavidad de la piel.<\/p>\n<p>Con un delicado aroma natural. R\u00e1pida absorci\u00f3n.<\/p>","protected":false},"featured_media":3268,"template":"","meta":{"_acf_changed":false},"product_brand":[],"product_cat":[55],"product_tag":[],"class_list":{"0":"post-3265","1":"product","2":"type-product","3":"status-publish","4":"has-post-thumbnail","6":"product_cat-general","8":"first","9":"instock","10":"taxable","11":"shipping-taxable","12":"purchasable","13":"product-type-simple"},"acf":[],"_links":{"self":[{"href":"https:\/\/www.uvasfrescas.com\/en\/wp-json\/wp\/v2\/product\/3265","targetHints":{"allow":["GET"]}}],"collection":[{"href":"https:\/\/www.uvasfrescas.com\/en\/wp-json\/wp\/v2\/product"}],"about":[{"href":"https:\/\/www.uvasfrescas.com\/en\/wp-json\/wp\/v2\/types\/product"}],"wp:featuredmedia":[{"embeddable":true,"href":"https:\/\/www.uvasfrescas.com\/en\/wp-json\/wp\/v2\/media\/3268"}],"wp:attachment":[{"href":"https:\/\/www.uvasfrescas.com\/en\/wp-json\/wp\/v2\/media?parent=3265"}],"wp:term":[{"taxonomy":"product_brand","embeddable":true,"href":"https:\/\/www.uvasfrescas.com\/en\/wp-json\/wp\/v2\/product_brand?post=3265"},{"taxonomy":"product_cat","embeddable":true,"href":"https:\/\/www.uvasfrescas.com\/en\/wp-json\/wp\/v2\/product_cat?post=3265"},{"taxonomy":"product_tag","embeddable":true,"href":"https:\/\/www.uvasfrescas.com\/en\/wp-json\/wp\/v2\/product_tag?post=3265"}],"curies":[{"name":"wp","href":"https:\/\/api.w.org\/{rel}","templated":true}]}}