{"id":3970,"date":"2026-03-24T11:38:10","date_gmt":"2026-03-24T10:38:10","guid":{"rendered":"https:\/\/www.uvasfrescas.com\/?post_type=product&#038;p=3970"},"modified":"2026-03-24T11:38:11","modified_gmt":"2026-03-24T10:38:11","slug":"pack-hidratacion-profunda","status":"publish","type":"product","link":"https:\/\/www.uvasfrescas.com\/en\/tienda\/pack-hidratacion-profunda\/","title":{"rendered":"Pack Hidrataci\u00f3n Profunda"},"content":{"rendered":"","protected":false},"excerpt":{"rendered":"<p data-start=\"177\" data-end=\"547\">El Pack Hidrataci\u00f3n Profunda es un tratamiento facial completo dise\u00f1ado para <strong>nutrir intensamente la piel<\/strong> y potenciar su <strong>luminosidad natural<\/strong>. La combinaci\u00f3n de la Crema Hidratante Antiedad y el S\u00e9rum Intensivo Iluminador act\u00faa en sinergia para ofrecer una <strong>piel m\u00e1s firme, suave y visiblemente rejuvenecida<\/strong>.<\/p>\n<p data-start=\"768\" data-end=\"1055\">Enriquecido con activos antioxidantes como el <strong>aceite de pepita de uva<\/strong> y el <strong>extracto de uva bio<\/strong>, junto con <strong>col\u00e1geno vegano<\/strong>, <strong>\u00e1cido hialur\u00f3nico<\/strong> y <strong>manteca de karit\u00e9<\/strong>, protege frente a los radicales libres, refuerza la barrera cut\u00e1nea y favorece una <strong>piel m\u00e1s luminosa, el\u00e1stica y revitalizada<\/strong>.<\/p>\n<p data-start=\"768\" data-end=\"1055\"><strong>Cantidad:\u00a0<\/strong>50 mls. + 40 mls.<\/p>","protected":false},"featured_media":4007,"template":"","meta":{"_acf_changed":false},"product_brand":[],"product_cat":[55],"product_tag":[],"class_list":{"0":"post-3970","1":"product","2":"type-product","3":"status-publish","4":"has-post-thumbnail","6":"product_cat-general","8":"first","9":"instock","10":"sale","11":"taxable","12":"shipping-taxable","13":"purchasable","14":"product-type-simple"},"acf":[],"_links":{"self":[{"href":"https:\/\/www.uvasfrescas.com\/en\/wp-json\/wp\/v2\/product\/3970","targetHints":{"allow":["GET"]}}],"collection":[{"href":"https:\/\/www.uvasfrescas.com\/en\/wp-json\/wp\/v2\/product"}],"about":[{"href":"https:\/\/www.uvasfrescas.com\/en\/wp-json\/wp\/v2\/types\/product"}],"wp:featuredmedia":[{"embeddable":true,"href":"https:\/\/www.uvasfrescas.com\/en\/wp-json\/wp\/v2\/media\/4007"}],"wp:attachment":[{"href":"https:\/\/www.uvasfrescas.com\/en\/wp-json\/wp\/v2\/media?parent=3970"}],"wp:term":[{"taxonomy":"product_brand","embeddable":true,"href":"https:\/\/www.uvasfrescas.com\/en\/wp-json\/wp\/v2\/product_brand?post=3970"},{"taxonomy":"product_cat","embeddable":true,"href":"https:\/\/www.uvasfrescas.com\/en\/wp-json\/wp\/v2\/product_cat?post=3970"},{"taxonomy":"product_tag","embeddable":true,"href":"https:\/\/www.uvasfrescas.com\/en\/wp-json\/wp\/v2\/product_tag?post=3970"}],"curies":[{"name":"wp","href":"https:\/\/api.w.org\/{rel}","templated":true}]}}