{"id":4014,"date":"2026-04-01T10:25:53","date_gmt":"2026-04-01T08:25:53","guid":{"rendered":"https:\/\/www.uvasfrescas.com\/?post_type=product&#038;p=4014"},"modified":"2026-04-01T10:38:29","modified_gmt":"2026-04-01T08:38:29","slug":"pack-rutina-completa","status":"publish","type":"product","link":"https:\/\/www.uvasfrescas.com\/en\/tienda\/pack-rutina-completa\/","title":{"rendered":"Pack Rutina Completa"},"content":{"rendered":"<p data-start=\"0\" data-end=\"163\">Eleva tu rutina con este tratamiento premium que combina<strong> hidrataci\u00f3n profunda, acci\u00f3n reestructurante y luminosidad<\/strong>.<\/p>\n<p data-start=\"165\" data-end=\"387\">La combinaci\u00f3n de la Crema Hidratante Antiedad, el S\u00e9rum Intensivo Iluminador y el Aceite Activo de Noche act\u00faa en sinergia para <strong>nutrir, iluminar y regenerar la piel<\/strong>, dej\u00e1ndola m\u00e1s firme, suave y visiblemente revitalizada.<\/p>\n<p data-start=\"389\" data-end=\"662\" data-is-last-node=\"\" data-is-only-node=\"\">Enriquecido con activos antioxidantes como el <strong>aceite de pepita de uva<\/strong> y el <strong>extracto de uva bio<\/strong>, junto con <strong>col\u00e1geno vegano<\/strong>, <strong>\u00e1cido hialur\u00f3nico<\/strong> y aceites naturales, ayuda a proteger frente a los radicales libres y a recuperar una <strong>piel m\u00e1s luminosa, equilibrada y rejuvenecida<\/strong>.<\/p>","protected":false},"excerpt":{"rendered":"<p data-start=\"0\" data-end=\"163\">Eleva tu rutina con este tratamiento premium que combina<strong> hidrataci\u00f3n profunda, acci\u00f3n reestructurante y luminosidad<\/strong>.<\/p>\n<p data-start=\"165\" data-end=\"387\">La combinaci\u00f3n de la Crema Hidratante Antiedad, el S\u00e9rum Intensivo Iluminador y el Aceite Activo de Noche act\u00faa en sinergia para <strong>nutrir, iluminar y regenerar la piel<\/strong>, dej\u00e1ndola m\u00e1s firme, suave y visiblemente revitalizada.<\/p>\n<p data-start=\"389\" data-end=\"662\" data-is-last-node=\"\" data-is-only-node=\"\">Enriquecido con activos antioxidantes como el <strong>aceite de pepita de uva<\/strong> y el <strong>extracto de uva bio<\/strong>, junto con <strong>col\u00e1geno vegano<\/strong>, <strong>\u00e1cido hialur\u00f3nico<\/strong> y aceites naturales, ayuda a proteger frente a los radicales libres y a recuperar una <strong>piel m\u00e1s luminosa, equilibrada y rejuvenecida<\/strong>.<\/p>\n<p data-start=\"389\" data-end=\"662\" data-is-last-node=\"\" data-is-only-node=\"\">Una rutina completa dise\u00f1ada para transformar la piel durante la noche y devolverle su brillo natural por la ma\u00f1ana.<\/p>","protected":false},"featured_media":4015,"template":"","meta":{"_acf_changed":false},"product_brand":[],"product_cat":[55],"product_tag":[],"class_list":{"0":"post-4014","1":"product","2":"type-product","3":"status-publish","4":"has-post-thumbnail","6":"product_cat-general","8":"first","9":"instock","10":"sale","11":"taxable","12":"shipping-taxable","13":"purchasable","14":"product-type-simple"},"acf":[],"_links":{"self":[{"href":"https:\/\/www.uvasfrescas.com\/en\/wp-json\/wp\/v2\/product\/4014","targetHints":{"allow":["GET"]}}],"collection":[{"href":"https:\/\/www.uvasfrescas.com\/en\/wp-json\/wp\/v2\/product"}],"about":[{"href":"https:\/\/www.uvasfrescas.com\/en\/wp-json\/wp\/v2\/types\/product"}],"wp:featuredmedia":[{"embeddable":true,"href":"https:\/\/www.uvasfrescas.com\/en\/wp-json\/wp\/v2\/media\/4015"}],"wp:attachment":[{"href":"https:\/\/www.uvasfrescas.com\/en\/wp-json\/wp\/v2\/media?parent=4014"}],"wp:term":[{"taxonomy":"product_brand","embeddable":true,"href":"https:\/\/www.uvasfrescas.com\/en\/wp-json\/wp\/v2\/product_brand?post=4014"},{"taxonomy":"product_cat","embeddable":true,"href":"https:\/\/www.uvasfrescas.com\/en\/wp-json\/wp\/v2\/product_cat?post=4014"},{"taxonomy":"product_tag","embeddable":true,"href":"https:\/\/www.uvasfrescas.com\/en\/wp-json\/wp\/v2\/product_tag?post=4014"}],"curies":[{"name":"wp","href":"https:\/\/api.w.org\/{rel}","templated":true}]}}